{"id":20983,"date":"2021-02-22T12:30:56","date_gmt":"2021-02-22T11:30:56","guid":{"rendered":"https:\/\/www.salon-marrakech.fr\/SM\/?post_type=product&#038;p=20983"},"modified":"2025-11-11T12:41:05","modified_gmt":"2025-11-11T11:41:05","slug":"salon-marocain-capitonne-velours-beige","status":"publish","type":"product","link":"https:\/\/www.salon-marrakech.fr\/SM\/salon-marocain\/salon-marocain-capitonne-velours-beige\/","title":{"rendered":"Salon marocain capitonn\u00e9 velours beige"},"content":{"rendered":"<p>La configuration de salon sur les visuels est compos\u00e9e de\u00a0:<\/p>\n<ul>\n<li>\u00a02 banquettes de 2 m en 90 cm de large avec banquette d&rsquo;angle tissu au choix (r\u00e9alisable sur mesure),<\/li>\n<li>\u00a0table en option \u00e0 partir 350\u20ac<\/li>\n<\/ul>\n<p>Les d\u00e9lais de fabrications et livraisons sont de 1 \u00e0 3 semaines<\/p>\n<table border=\"0\" width=\"100%\" cellspacing=\"0\" cellpadding=\"2\">\n<tbody>\n<tr>\n<td class=\"main\" valign=\"top\">\n<ul>\n<li>Fabrication et livraison sous 1 \u00e0 3 semaines. Possibilit\u00e9 de r\u00e9aliser votre salon sur mesure<\/li>\n<li>M\u00eame les coloris des housses sont modifiables ! Faites votre choix dans la rubrique tissus.<\/li>\n<\/ul>\n<\/td>\n<\/tr>\n<\/tbody>\n<\/table>\n","protected":false},"excerpt":{"rendered":"<p>Ce mod\u00e8le de salon en tissu tr\u00e8s \u00e9pais existe en diff\u00e9rentes couleurs : noir , blanc , marron, gris et bicolore \u00e9galement.<br \/>\nLe mod\u00e8le peut \u00eatre r\u00e9alis\u00e9 avec des boutons strass, tissu ou boutons recouvert de sky. Les boutons sont fix\u00e9s et agraf\u00e9s de l\u2019int\u00e9rieur pour un meilleur maintient.<\/p>\n<p>Apportez une touche d\u2019\u00e9l\u00e9gance \u00e0 votre int\u00e9rieur avec ce salon marocain capitonn\u00e9 en velours beige. Confortable et raffin\u00e9, il est r\u00e9alisable sur mesure selon vos envies : dimensions, tissus et coloris personnalisables. Fabrication artisanale et livraison rapide en 1 \u00e0 3 semaines.<\/p>\n","protected":false},"featured_media":20981,"comment_status":"open","ping_status":"closed","template":"","meta":{"_et_pb_use_builder":"","_et_pb_old_content":""},"product_brand":[],"product_cat":[16],"product_tag":[],"class_list":{"0":"post-20983","1":"product","2":"type-product","3":"status-publish","4":"has-post-thumbnail","6":"product_cat-salons-marocains-moderne-design","8":"first","9":"instock","10":"taxable","11":"shipping-taxable","12":"purchasable","13":"product-type-simple"},"yoast_head":"<!-- This site is optimized with the Yoast SEO plugin v24.8 - https:\/\/yoast.com\/wordpress\/plugins\/seo\/ -->\n<title>Salon marocain capitonn\u00e9 velours beige<\/title>\n<meta name=\"description\" content=\"Salon marocain capitonn\u00e9 en velours beige, personnalisable sur mesure. \u00c9l\u00e9gance et confort. Fabrication et livraison rapides sous 1 \u00e0 3 semaines.\" \/>\n<meta name=\"robots\" content=\"index, follow, max-snippet:-1, max-image-preview:large, max-video-preview:-1\" \/>\n<link rel=\"canonical\" href=\"https:\/\/www.salon-marrakech.fr\/SM\/salon-marocain\/salon-marocain-capitonne-velours-beige\/\" \/>\n<meta property=\"og:locale\" content=\"fr_FR\" \/>\n<meta property=\"og:type\" content=\"article\" \/>\n<meta property=\"og:title\" content=\"Salon marocain capitonn\u00e9 velours beige\" \/>\n<meta property=\"og:description\" content=\"Salon marocain capitonn\u00e9 en velours beige, personnalisable sur mesure. \u00c9l\u00e9gance et confort. Fabrication et livraison rapides sous 1 \u00e0 3 semaines.\" \/>\n<meta property=\"og:url\" content=\"https:\/\/www.salon-marrakech.fr\/SM\/salon-marocain\/salon-marocain-capitonne-velours-beige\/\" \/>\n<meta property=\"og:site_name\" content=\"Salon Marocain Moderne sur mesure\" \/>\n<meta property=\"article:publisher\" content=\"https:\/\/www.facebook.com\/salon.marocain.design\/\" \/>\n<meta property=\"article:modified_time\" content=\"2025-11-11T11:41:05+00:00\" \/>\n<meta property=\"og:image\" content=\"https:\/\/www.salon-marrakech.fr\/SM\/wp-content\/uploads\/2021\/02\/20210220_215602.jpg\" \/>\n\t<meta property=\"og:image:width\" content=\"1080\" \/>\n\t<meta property=\"og:image:height\" content=\"842\" \/>\n\t<meta property=\"og:image:type\" content=\"image\/jpeg\" \/>\n<meta name=\"twitter:card\" content=\"summary_large_image\" \/>\n<meta name=\"twitter:label1\" content=\"Dur\u00e9e de lecture estim\u00e9e\" \/>\n\t<meta name=\"twitter:data1\" content=\"1 minute\" \/>\n<script type=\"application\/ld+json\" class=\"yoast-schema-graph\">{\"@context\":\"https:\/\/schema.org\",\"@graph\":[{\"@type\":\"WebPage\",\"@id\":\"https:\/\/www.salon-marrakech.fr\/SM\/salon-marocain\/salon-marocain-capitonne-velours-beige\/\",\"url\":\"https:\/\/www.salon-marrakech.fr\/SM\/salon-marocain\/salon-marocain-capitonne-velours-beige\/\",\"name\":\"Salon marocain capitonn\u00e9 velours beige\",\"isPartOf\":{\"@id\":\"https:\/\/www.salon-marrakech.fr\/SM\/#website\"},\"primaryImageOfPage\":{\"@id\":\"https:\/\/www.salon-marrakech.fr\/SM\/salon-marocain\/salon-marocain-capitonne-velours-beige\/#primaryimage\"},\"image\":{\"@id\":\"https:\/\/www.salon-marrakech.fr\/SM\/salon-marocain\/salon-marocain-capitonne-velours-beige\/#primaryimage\"},\"thumbnailUrl\":\"https:\/\/www.salon-marrakech.fr\/SM\/wp-content\/uploads\/2021\/02\/20210220_215602.jpg\",\"datePublished\":\"2021-02-22T11:30:56+00:00\",\"dateModified\":\"2025-11-11T11:41:05+00:00\",\"description\":\"Salon marocain capitonn\u00e9 en velours beige, personnalisable sur mesure. \u00c9l\u00e9gance et confort. Fabrication et livraison rapides sous 1 \u00e0 3 semaines.\",\"breadcrumb\":{\"@id\":\"https:\/\/www.salon-marrakech.fr\/SM\/salon-marocain\/salon-marocain-capitonne-velours-beige\/#breadcrumb\"},\"inLanguage\":\"fr-FR\",\"potentialAction\":[{\"@type\":\"ReadAction\",\"target\":[\"https:\/\/www.salon-marrakech.fr\/SM\/salon-marocain\/salon-marocain-capitonne-velours-beige\/\"]}]},{\"@type\":\"ImageObject\",\"inLanguage\":\"fr-FR\",\"@id\":\"https:\/\/www.salon-marrakech.fr\/SM\/salon-marocain\/salon-marocain-capitonne-velours-beige\/#primaryimage\",\"url\":\"https:\/\/www.salon-marrakech.fr\/SM\/wp-content\/uploads\/2021\/02\/20210220_215602.jpg\",\"contentUrl\":\"https:\/\/www.salon-marrakech.fr\/SM\/wp-content\/uploads\/2021\/02\/20210220_215602.jpg\",\"width\":1080,\"height\":842,\"caption\":\"Salon marocain capitonn\u00e9 velours beige\"},{\"@type\":\"BreadcrumbList\",\"@id\":\"https:\/\/www.salon-marrakech.fr\/SM\/salon-marocain\/salon-marocain-capitonne-velours-beige\/#breadcrumb\",\"itemListElement\":[{\"@type\":\"ListItem\",\"position\":1,\"name\":\"Accueil\",\"item\":\"https:\/\/www.salon-marrakech.fr\/SM\/\"},{\"@type\":\"ListItem\",\"position\":2,\"name\":\"Boutique\",\"item\":\"https:\/\/www.salon-marrakech.fr\/SM\/boutique\/\"},{\"@type\":\"ListItem\",\"position\":3,\"name\":\"Salon marocain capitonn\u00e9 velours beige\"}]},{\"@type\":\"WebSite\",\"@id\":\"https:\/\/www.salon-marrakech.fr\/SM\/#website\",\"url\":\"https:\/\/www.salon-marrakech.fr\/SM\/\",\"name\":\"Salon Marocain Moderne sur mesure\",\"description\":\"Articles de d\u00e9coration marocaine et orientale\",\"publisher\":{\"@id\":\"https:\/\/www.salon-marrakech.fr\/SM\/#organization\"},\"potentialAction\":[{\"@type\":\"SearchAction\",\"target\":{\"@type\":\"EntryPoint\",\"urlTemplate\":\"https:\/\/www.salon-marrakech.fr\/SM\/?s={search_term_string}\"},\"query-input\":{\"@type\":\"PropertyValueSpecification\",\"valueRequired\":true,\"valueName\":\"search_term_string\"}}],\"inLanguage\":\"fr-FR\"},{\"@type\":\"Organization\",\"@id\":\"https:\/\/www.salon-marrakech.fr\/SM\/#organization\",\"name\":\"Salon Marrakech\",\"url\":\"https:\/\/www.salon-marrakech.fr\/SM\/\",\"logo\":{\"@type\":\"ImageObject\",\"inLanguage\":\"fr-FR\",\"@id\":\"https:\/\/www.salon-marrakech.fr\/SM\/#\/schema\/logo\/image\/\",\"url\":\"https:\/\/www.salon-marrakech.fr\/SM\/wp-content\/uploads\/2019\/09\/canape-logo.png\",\"contentUrl\":\"https:\/\/www.salon-marrakech.fr\/SM\/wp-content\/uploads\/2019\/09\/canape-logo.png\",\"width\":2879,\"height\":1600,\"caption\":\"Salon Marrakech\"},\"image\":{\"@id\":\"https:\/\/www.salon-marrakech.fr\/SM\/#\/schema\/logo\/image\/\"},\"sameAs\":[\"https:\/\/www.facebook.com\/salon.marocain.design\/\",\"https:\/\/www.instagram.com\/salon_marrakech_officiel\/\"]}]}<\/script>\n<!-- \/ Yoast SEO plugin. -->","yoast_head_json":{"title":"Salon marocain capitonn\u00e9 velours beige","description":"Salon marocain capitonn\u00e9 en velours beige, personnalisable sur mesure. \u00c9l\u00e9gance et confort. Fabrication et livraison rapides sous 1 \u00e0 3 semaines.","robots":{"index":"index","follow":"follow","max-snippet":"max-snippet:-1","max-image-preview":"max-image-preview:large","max-video-preview":"max-video-preview:-1"},"canonical":"https:\/\/www.salon-marrakech.fr\/SM\/salon-marocain\/salon-marocain-capitonne-velours-beige\/","og_locale":"fr_FR","og_type":"article","og_title":"Salon marocain capitonn\u00e9 velours beige","og_description":"Salon marocain capitonn\u00e9 en velours beige, personnalisable sur mesure. \u00c9l\u00e9gance et confort. Fabrication et livraison rapides sous 1 \u00e0 3 semaines.","og_url":"https:\/\/www.salon-marrakech.fr\/SM\/salon-marocain\/salon-marocain-capitonne-velours-beige\/","og_site_name":"Salon Marocain Moderne sur mesure","article_publisher":"https:\/\/www.facebook.com\/salon.marocain.design\/","article_modified_time":"2025-11-11T11:41:05+00:00","og_image":[{"width":1080,"height":842,"url":"https:\/\/www.salon-marrakech.fr\/SM\/wp-content\/uploads\/2021\/02\/20210220_215602.jpg","type":"image\/jpeg"}],"twitter_card":"summary_large_image","twitter_misc":{"Dur\u00e9e de lecture estim\u00e9e":"1 minute"},"schema":{"@context":"https:\/\/schema.org","@graph":[{"@type":"WebPage","@id":"https:\/\/www.salon-marrakech.fr\/SM\/salon-marocain\/salon-marocain-capitonne-velours-beige\/","url":"https:\/\/www.salon-marrakech.fr\/SM\/salon-marocain\/salon-marocain-capitonne-velours-beige\/","name":"Salon marocain capitonn\u00e9 velours beige","isPartOf":{"@id":"https:\/\/www.salon-marrakech.fr\/SM\/#website"},"primaryImageOfPage":{"@id":"https:\/\/www.salon-marrakech.fr\/SM\/salon-marocain\/salon-marocain-capitonne-velours-beige\/#primaryimage"},"image":{"@id":"https:\/\/www.salon-marrakech.fr\/SM\/salon-marocain\/salon-marocain-capitonne-velours-beige\/#primaryimage"},"thumbnailUrl":"https:\/\/www.salon-marrakech.fr\/SM\/wp-content\/uploads\/2021\/02\/20210220_215602.jpg","datePublished":"2021-02-22T11:30:56+00:00","dateModified":"2025-11-11T11:41:05+00:00","description":"Salon marocain capitonn\u00e9 en velours beige, personnalisable sur mesure. \u00c9l\u00e9gance et confort. Fabrication et livraison rapides sous 1 \u00e0 3 semaines.","breadcrumb":{"@id":"https:\/\/www.salon-marrakech.fr\/SM\/salon-marocain\/salon-marocain-capitonne-velours-beige\/#breadcrumb"},"inLanguage":"fr-FR","potentialAction":[{"@type":"ReadAction","target":["https:\/\/www.salon-marrakech.fr\/SM\/salon-marocain\/salon-marocain-capitonne-velours-beige\/"]}]},{"@type":"ImageObject","inLanguage":"fr-FR","@id":"https:\/\/www.salon-marrakech.fr\/SM\/salon-marocain\/salon-marocain-capitonne-velours-beige\/#primaryimage","url":"https:\/\/www.salon-marrakech.fr\/SM\/wp-content\/uploads\/2021\/02\/20210220_215602.jpg","contentUrl":"https:\/\/www.salon-marrakech.fr\/SM\/wp-content\/uploads\/2021\/02\/20210220_215602.jpg","width":1080,"height":842,"caption":"Salon marocain capitonn\u00e9 velours beige"},{"@type":"BreadcrumbList","@id":"https:\/\/www.salon-marrakech.fr\/SM\/salon-marocain\/salon-marocain-capitonne-velours-beige\/#breadcrumb","itemListElement":[{"@type":"ListItem","position":1,"name":"Accueil","item":"https:\/\/www.salon-marrakech.fr\/SM\/"},{"@type":"ListItem","position":2,"name":"Boutique","item":"https:\/\/www.salon-marrakech.fr\/SM\/boutique\/"},{"@type":"ListItem","position":3,"name":"Salon marocain capitonn\u00e9 velours beige"}]},{"@type":"WebSite","@id":"https:\/\/www.salon-marrakech.fr\/SM\/#website","url":"https:\/\/www.salon-marrakech.fr\/SM\/","name":"Salon Marocain Moderne sur mesure","description":"Articles de d\u00e9coration marocaine et orientale","publisher":{"@id":"https:\/\/www.salon-marrakech.fr\/SM\/#organization"},"potentialAction":[{"@type":"SearchAction","target":{"@type":"EntryPoint","urlTemplate":"https:\/\/www.salon-marrakech.fr\/SM\/?s={search_term_string}"},"query-input":{"@type":"PropertyValueSpecification","valueRequired":true,"valueName":"search_term_string"}}],"inLanguage":"fr-FR"},{"@type":"Organization","@id":"https:\/\/www.salon-marrakech.fr\/SM\/#organization","name":"Salon Marrakech","url":"https:\/\/www.salon-marrakech.fr\/SM\/","logo":{"@type":"ImageObject","inLanguage":"fr-FR","@id":"https:\/\/www.salon-marrakech.fr\/SM\/#\/schema\/logo\/image\/","url":"https:\/\/www.salon-marrakech.fr\/SM\/wp-content\/uploads\/2019\/09\/canape-logo.png","contentUrl":"https:\/\/www.salon-marrakech.fr\/SM\/wp-content\/uploads\/2019\/09\/canape-logo.png","width":2879,"height":1600,"caption":"Salon Marrakech"},"image":{"@id":"https:\/\/www.salon-marrakech.fr\/SM\/#\/schema\/logo\/image\/"},"sameAs":["https:\/\/www.facebook.com\/salon.marocain.design\/","https:\/\/www.instagram.com\/salon_marrakech_officiel\/"]}]}},"_links":{"self":[{"href":"https:\/\/www.salon-marrakech.fr\/SM\/wp-json\/wp\/v2\/product\/20983","targetHints":{"allow":["GET"]}}],"collection":[{"href":"https:\/\/www.salon-marrakech.fr\/SM\/wp-json\/wp\/v2\/product"}],"about":[{"href":"https:\/\/www.salon-marrakech.fr\/SM\/wp-json\/wp\/v2\/types\/product"}],"replies":[{"embeddable":true,"href":"https:\/\/www.salon-marrakech.fr\/SM\/wp-json\/wp\/v2\/comments?post=20983"}],"wp:featuredmedia":[{"embeddable":true,"href":"https:\/\/www.salon-marrakech.fr\/SM\/wp-json\/wp\/v2\/media\/20981"}],"wp:attachment":[{"href":"https:\/\/www.salon-marrakech.fr\/SM\/wp-json\/wp\/v2\/media?parent=20983"}],"wp:term":[{"taxonomy":"product_brand","embeddable":true,"href":"https:\/\/www.salon-marrakech.fr\/SM\/wp-json\/wp\/v2\/product_brand?post=20983"},{"taxonomy":"product_cat","embeddable":true,"href":"https:\/\/www.salon-marrakech.fr\/SM\/wp-json\/wp\/v2\/product_cat?post=20983"},{"taxonomy":"product_tag","embeddable":true,"href":"https:\/\/www.salon-marrakech.fr\/SM\/wp-json\/wp\/v2\/product_tag?post=20983"}],"curies":[{"name":"wp","href":"https:\/\/api.w.org\/{rel}","templated":true}]}}