{"id":20975,"date":"2021-02-22T12:17:27","date_gmt":"2021-02-22T11:17:27","guid":{"rendered":"https:\/\/www.salon-marrakech.fr\/SM\/?post_type=product&#038;p=20975"},"modified":"2025-11-11T12:52:39","modified_gmt":"2025-11-11T11:52:39","slug":"salon-marocain-laque-blanc-dentelle","status":"publish","type":"product","link":"https:\/\/www.salon-marrakech.fr\/SM\/salon-marocain\/salon-marocain-laque-blanc-dentelle\/","title":{"rendered":"Salon Marocain laqu\u00e9 blanc dentelle"},"content":{"rendered":"<p>La configuration de salon sur les visuels est compos\u00e9e de\u00a0:<\/p>\n<ul>\n<li>\u00a02 banquettes de 2 m en 70 cm de large (r\u00e9alisable sur mesure),<\/li>\n<li>\u00a02 matelas mousse arrondis fermes existent aussi souples ou semi fermes<\/li>\n<li>\u00a01 coin coffre d\u2019angle capitonn\u00e9 et r\u00e9alisable sur mesure<\/li>\n<li>\u00a01 table arabesque existe \u00e9galement sous forme haute, octogonale, carr\u00e9, ou table basse.<\/li>\n<\/ul>\n<p>Les d\u00e9lais de fabrications et livraisons sont de 1 \u00e0 3 semaines<\/p>\n<table border=\"0\" width=\"100%\" cellspacing=\"0\" cellpadding=\"2\">\n<tbody>\n<tr>\n<td class=\"main\" valign=\"top\">\n<ul>\n<li>Fabrication et livraison sous 1 \u00e0 3 semaines. Possibilit\u00e9 de r\u00e9aliser votre salon sur mesure<\/li>\n<li>M\u00eame les coloris des housses sont modifiables ! Faites votre choix dans la rubrique tissus.<\/li>\n<\/ul>\n<\/td>\n<\/tr>\n<\/tbody>\n<\/table>\n","protected":false},"excerpt":{"rendered":"<p>Le Salon Marocain laqu\u00e9 blanc dentelle est r\u00e9alis\u00e9 en tissu velours imprim\u00e9 \u00ab\u00a0matrouze\u00a0\u00bb et existe en plusieurs coloris, disponible sur mesure. Tissu imprim\u00e9 en perle de haute qualit\u00e9. Plusieurs combinaisons possible, avec coin angle assise, coin coffre ou banquette d&rsquo;angle.<\/p>\n<p>Succombez \u00e0 l\u2019\u00e9l\u00e9gance du salon marocain laqu\u00e9 blanc dentelle, alliance parfaite entre raffinement et modernit\u00e9. Compos\u00e9 de banquettes sur mesure, matelas au confort ajustable et coin capitonn\u00e9, il s\u2019adapte \u00e0 vos envies. Choisissez vos tissus et coloris pour un salon unique. Fabrication artisanale et livraison rapide en 1 \u00e0 3 semaines.<\/p>\n","protected":false},"featured_media":20976,"comment_status":"open","ping_status":"closed","template":"","meta":{"_et_pb_use_builder":"","_et_pb_old_content":""},"product_brand":[],"product_cat":[16],"product_tag":[],"class_list":{"0":"post-20975","1":"product","2":"type-product","3":"status-publish","4":"has-post-thumbnail","6":"product_cat-salons-marocains-moderne-design","8":"first","9":"instock","10":"sale","11":"taxable","12":"shipping-taxable","13":"purchasable","14":"product-type-simple"},"yoast_head":"<!-- This site is optimized with the Yoast SEO plugin v24.8 - https:\/\/yoast.com\/wordpress\/plugins\/seo\/ -->\n<title>Salon Marocain laqu\u00e9 blanc dentelle - Salon Marocain Moderne sur mesure<\/title>\n<meta name=\"description\" content=\"Le Salon Marocain laqu\u00e9 blanc dentelle est r\u00e9alis\u00e9 en tissu velour imprim\u00e9 &quot;matrouze&quot; \u00e9l\u00e9gant et personnalisable. Fabrication sur mesure, tissus au choix.\" \/>\n<meta name=\"robots\" content=\"index, follow, max-snippet:-1, max-image-preview:large, max-video-preview:-1\" \/>\n<link rel=\"canonical\" href=\"https:\/\/www.salon-marrakech.fr\/SM\/salon-marocain\/salon-marocain-laque-blanc-dentelle\/\" \/>\n<meta property=\"og:locale\" content=\"fr_FR\" \/>\n<meta property=\"og:type\" content=\"article\" \/>\n<meta property=\"og:title\" content=\"Salon Marocain laqu\u00e9 blanc dentelle - Salon Marocain Moderne sur mesure\" \/>\n<meta property=\"og:description\" content=\"Le Salon Marocain laqu\u00e9 blanc dentelle est r\u00e9alis\u00e9 en tissu velour imprim\u00e9 &quot;matrouze&quot; \u00e9l\u00e9gant et personnalisable. Fabrication sur mesure, tissus au choix.\" \/>\n<meta property=\"og:url\" content=\"https:\/\/www.salon-marrakech.fr\/SM\/salon-marocain\/salon-marocain-laque-blanc-dentelle\/\" \/>\n<meta property=\"og:site_name\" content=\"Salon Marocain Moderne sur mesure\" \/>\n<meta property=\"article:publisher\" content=\"https:\/\/www.facebook.com\/salon.marocain.design\/\" \/>\n<meta property=\"article:modified_time\" content=\"2025-11-11T11:52:39+00:00\" \/>\n<meta property=\"og:image\" content=\"https:\/\/www.salon-marrakech.fr\/SM\/wp-content\/uploads\/2021\/02\/salon-laqu\u00e9-blanc-dentelle.jpg\" \/>\n\t<meta property=\"og:image:width\" content=\"2022\" \/>\n\t<meta property=\"og:image:height\" content=\"1080\" \/>\n\t<meta property=\"og:image:type\" content=\"image\/jpeg\" \/>\n<meta name=\"twitter:card\" content=\"summary_large_image\" \/>\n<meta name=\"twitter:label1\" content=\"Dur\u00e9e de lecture estim\u00e9e\" \/>\n\t<meta name=\"twitter:data1\" content=\"1 minute\" \/>\n<script type=\"application\/ld+json\" class=\"yoast-schema-graph\">{\"@context\":\"https:\/\/schema.org\",\"@graph\":[{\"@type\":\"WebPage\",\"@id\":\"https:\/\/www.salon-marrakech.fr\/SM\/salon-marocain\/salon-marocain-laque-blanc-dentelle\/\",\"url\":\"https:\/\/www.salon-marrakech.fr\/SM\/salon-marocain\/salon-marocain-laque-blanc-dentelle\/\",\"name\":\"Salon Marocain laqu\u00e9 blanc dentelle - Salon Marocain Moderne sur mesure\",\"isPartOf\":{\"@id\":\"https:\/\/www.salon-marrakech.fr\/SM\/#website\"},\"primaryImageOfPage\":{\"@id\":\"https:\/\/www.salon-marrakech.fr\/SM\/salon-marocain\/salon-marocain-laque-blanc-dentelle\/#primaryimage\"},\"image\":{\"@id\":\"https:\/\/www.salon-marrakech.fr\/SM\/salon-marocain\/salon-marocain-laque-blanc-dentelle\/#primaryimage\"},\"thumbnailUrl\":\"https:\/\/www.salon-marrakech.fr\/SM\/wp-content\/uploads\/2021\/02\/salon-laqu\u00e9-blanc-dentelle.jpg\",\"datePublished\":\"2021-02-22T11:17:27+00:00\",\"dateModified\":\"2025-11-11T11:52:39+00:00\",\"description\":\"Le Salon Marocain laqu\u00e9 blanc dentelle est r\u00e9alis\u00e9 en tissu velour imprim\u00e9 \\\"matrouze\\\" \u00e9l\u00e9gant et personnalisable. Fabrication sur mesure, tissus au choix.\",\"breadcrumb\":{\"@id\":\"https:\/\/www.salon-marrakech.fr\/SM\/salon-marocain\/salon-marocain-laque-blanc-dentelle\/#breadcrumb\"},\"inLanguage\":\"fr-FR\",\"potentialAction\":[{\"@type\":\"ReadAction\",\"target\":[\"https:\/\/www.salon-marrakech.fr\/SM\/salon-marocain\/salon-marocain-laque-blanc-dentelle\/\"]}]},{\"@type\":\"ImageObject\",\"inLanguage\":\"fr-FR\",\"@id\":\"https:\/\/www.salon-marrakech.fr\/SM\/salon-marocain\/salon-marocain-laque-blanc-dentelle\/#primaryimage\",\"url\":\"https:\/\/www.salon-marrakech.fr\/SM\/wp-content\/uploads\/2021\/02\/salon-laqu\u00e9-blanc-dentelle.jpg\",\"contentUrl\":\"https:\/\/www.salon-marrakech.fr\/SM\/wp-content\/uploads\/2021\/02\/salon-laqu\u00e9-blanc-dentelle.jpg\",\"width\":2022,\"height\":1080,\"caption\":\"Salon Marocain laqu\u00e9 blanc dentelle\"},{\"@type\":\"BreadcrumbList\",\"@id\":\"https:\/\/www.salon-marrakech.fr\/SM\/salon-marocain\/salon-marocain-laque-blanc-dentelle\/#breadcrumb\",\"itemListElement\":[{\"@type\":\"ListItem\",\"position\":1,\"name\":\"Accueil\",\"item\":\"https:\/\/www.salon-marrakech.fr\/SM\/\"},{\"@type\":\"ListItem\",\"position\":2,\"name\":\"Boutique\",\"item\":\"https:\/\/www.salon-marrakech.fr\/SM\/boutique\/\"},{\"@type\":\"ListItem\",\"position\":3,\"name\":\"Salon Marocain laqu\u00e9 blanc dentelle\"}]},{\"@type\":\"WebSite\",\"@id\":\"https:\/\/www.salon-marrakech.fr\/SM\/#website\",\"url\":\"https:\/\/www.salon-marrakech.fr\/SM\/\",\"name\":\"Salon Marocain Moderne sur mesure\",\"description\":\"Articles de d\u00e9coration marocaine et orientale\",\"publisher\":{\"@id\":\"https:\/\/www.salon-marrakech.fr\/SM\/#organization\"},\"potentialAction\":[{\"@type\":\"SearchAction\",\"target\":{\"@type\":\"EntryPoint\",\"urlTemplate\":\"https:\/\/www.salon-marrakech.fr\/SM\/?s={search_term_string}\"},\"query-input\":{\"@type\":\"PropertyValueSpecification\",\"valueRequired\":true,\"valueName\":\"search_term_string\"}}],\"inLanguage\":\"fr-FR\"},{\"@type\":\"Organization\",\"@id\":\"https:\/\/www.salon-marrakech.fr\/SM\/#organization\",\"name\":\"Salon Marrakech\",\"url\":\"https:\/\/www.salon-marrakech.fr\/SM\/\",\"logo\":{\"@type\":\"ImageObject\",\"inLanguage\":\"fr-FR\",\"@id\":\"https:\/\/www.salon-marrakech.fr\/SM\/#\/schema\/logo\/image\/\",\"url\":\"https:\/\/www.salon-marrakech.fr\/SM\/wp-content\/uploads\/2019\/09\/canape-logo.png\",\"contentUrl\":\"https:\/\/www.salon-marrakech.fr\/SM\/wp-content\/uploads\/2019\/09\/canape-logo.png\",\"width\":2879,\"height\":1600,\"caption\":\"Salon Marrakech\"},\"image\":{\"@id\":\"https:\/\/www.salon-marrakech.fr\/SM\/#\/schema\/logo\/image\/\"},\"sameAs\":[\"https:\/\/www.facebook.com\/salon.marocain.design\/\",\"https:\/\/www.instagram.com\/salon_marrakech_officiel\/\"]}]}<\/script>\n<!-- \/ Yoast SEO plugin. -->","yoast_head_json":{"title":"Salon Marocain laqu\u00e9 blanc dentelle - Salon Marocain Moderne sur mesure","description":"Le Salon Marocain laqu\u00e9 blanc dentelle est r\u00e9alis\u00e9 en tissu velour imprim\u00e9 \"matrouze\" \u00e9l\u00e9gant et personnalisable. Fabrication sur mesure, tissus au choix.","robots":{"index":"index","follow":"follow","max-snippet":"max-snippet:-1","max-image-preview":"max-image-preview:large","max-video-preview":"max-video-preview:-1"},"canonical":"https:\/\/www.salon-marrakech.fr\/SM\/salon-marocain\/salon-marocain-laque-blanc-dentelle\/","og_locale":"fr_FR","og_type":"article","og_title":"Salon Marocain laqu\u00e9 blanc dentelle - Salon Marocain Moderne sur mesure","og_description":"Le Salon Marocain laqu\u00e9 blanc dentelle est r\u00e9alis\u00e9 en tissu velour imprim\u00e9 \"matrouze\" \u00e9l\u00e9gant et personnalisable. Fabrication sur mesure, tissus au choix.","og_url":"https:\/\/www.salon-marrakech.fr\/SM\/salon-marocain\/salon-marocain-laque-blanc-dentelle\/","og_site_name":"Salon Marocain Moderne sur mesure","article_publisher":"https:\/\/www.facebook.com\/salon.marocain.design\/","article_modified_time":"2025-11-11T11:52:39+00:00","og_image":[{"width":2022,"height":1080,"url":"https:\/\/www.salon-marrakech.fr\/SM\/wp-content\/uploads\/2021\/02\/salon-laqu\u00e9-blanc-dentelle.jpg","type":"image\/jpeg"}],"twitter_card":"summary_large_image","twitter_misc":{"Dur\u00e9e de lecture estim\u00e9e":"1 minute"},"schema":{"@context":"https:\/\/schema.org","@graph":[{"@type":"WebPage","@id":"https:\/\/www.salon-marrakech.fr\/SM\/salon-marocain\/salon-marocain-laque-blanc-dentelle\/","url":"https:\/\/www.salon-marrakech.fr\/SM\/salon-marocain\/salon-marocain-laque-blanc-dentelle\/","name":"Salon Marocain laqu\u00e9 blanc dentelle - Salon Marocain Moderne sur mesure","isPartOf":{"@id":"https:\/\/www.salon-marrakech.fr\/SM\/#website"},"primaryImageOfPage":{"@id":"https:\/\/www.salon-marrakech.fr\/SM\/salon-marocain\/salon-marocain-laque-blanc-dentelle\/#primaryimage"},"image":{"@id":"https:\/\/www.salon-marrakech.fr\/SM\/salon-marocain\/salon-marocain-laque-blanc-dentelle\/#primaryimage"},"thumbnailUrl":"https:\/\/www.salon-marrakech.fr\/SM\/wp-content\/uploads\/2021\/02\/salon-laqu\u00e9-blanc-dentelle.jpg","datePublished":"2021-02-22T11:17:27+00:00","dateModified":"2025-11-11T11:52:39+00:00","description":"Le Salon Marocain laqu\u00e9 blanc dentelle est r\u00e9alis\u00e9 en tissu velour imprim\u00e9 \"matrouze\" \u00e9l\u00e9gant et personnalisable. Fabrication sur mesure, tissus au choix.","breadcrumb":{"@id":"https:\/\/www.salon-marrakech.fr\/SM\/salon-marocain\/salon-marocain-laque-blanc-dentelle\/#breadcrumb"},"inLanguage":"fr-FR","potentialAction":[{"@type":"ReadAction","target":["https:\/\/www.salon-marrakech.fr\/SM\/salon-marocain\/salon-marocain-laque-blanc-dentelle\/"]}]},{"@type":"ImageObject","inLanguage":"fr-FR","@id":"https:\/\/www.salon-marrakech.fr\/SM\/salon-marocain\/salon-marocain-laque-blanc-dentelle\/#primaryimage","url":"https:\/\/www.salon-marrakech.fr\/SM\/wp-content\/uploads\/2021\/02\/salon-laqu\u00e9-blanc-dentelle.jpg","contentUrl":"https:\/\/www.salon-marrakech.fr\/SM\/wp-content\/uploads\/2021\/02\/salon-laqu\u00e9-blanc-dentelle.jpg","width":2022,"height":1080,"caption":"Salon Marocain laqu\u00e9 blanc dentelle"},{"@type":"BreadcrumbList","@id":"https:\/\/www.salon-marrakech.fr\/SM\/salon-marocain\/salon-marocain-laque-blanc-dentelle\/#breadcrumb","itemListElement":[{"@type":"ListItem","position":1,"name":"Accueil","item":"https:\/\/www.salon-marrakech.fr\/SM\/"},{"@type":"ListItem","position":2,"name":"Boutique","item":"https:\/\/www.salon-marrakech.fr\/SM\/boutique\/"},{"@type":"ListItem","position":3,"name":"Salon Marocain laqu\u00e9 blanc dentelle"}]},{"@type":"WebSite","@id":"https:\/\/www.salon-marrakech.fr\/SM\/#website","url":"https:\/\/www.salon-marrakech.fr\/SM\/","name":"Salon Marocain Moderne sur mesure","description":"Articles de d\u00e9coration marocaine et orientale","publisher":{"@id":"https:\/\/www.salon-marrakech.fr\/SM\/#organization"},"potentialAction":[{"@type":"SearchAction","target":{"@type":"EntryPoint","urlTemplate":"https:\/\/www.salon-marrakech.fr\/SM\/?s={search_term_string}"},"query-input":{"@type":"PropertyValueSpecification","valueRequired":true,"valueName":"search_term_string"}}],"inLanguage":"fr-FR"},{"@type":"Organization","@id":"https:\/\/www.salon-marrakech.fr\/SM\/#organization","name":"Salon Marrakech","url":"https:\/\/www.salon-marrakech.fr\/SM\/","logo":{"@type":"ImageObject","inLanguage":"fr-FR","@id":"https:\/\/www.salon-marrakech.fr\/SM\/#\/schema\/logo\/image\/","url":"https:\/\/www.salon-marrakech.fr\/SM\/wp-content\/uploads\/2019\/09\/canape-logo.png","contentUrl":"https:\/\/www.salon-marrakech.fr\/SM\/wp-content\/uploads\/2019\/09\/canape-logo.png","width":2879,"height":1600,"caption":"Salon Marrakech"},"image":{"@id":"https:\/\/www.salon-marrakech.fr\/SM\/#\/schema\/logo\/image\/"},"sameAs":["https:\/\/www.facebook.com\/salon.marocain.design\/","https:\/\/www.instagram.com\/salon_marrakech_officiel\/"]}]}},"_links":{"self":[{"href":"https:\/\/www.salon-marrakech.fr\/SM\/wp-json\/wp\/v2\/product\/20975","targetHints":{"allow":["GET"]}}],"collection":[{"href":"https:\/\/www.salon-marrakech.fr\/SM\/wp-json\/wp\/v2\/product"}],"about":[{"href":"https:\/\/www.salon-marrakech.fr\/SM\/wp-json\/wp\/v2\/types\/product"}],"replies":[{"embeddable":true,"href":"https:\/\/www.salon-marrakech.fr\/SM\/wp-json\/wp\/v2\/comments?post=20975"}],"wp:featuredmedia":[{"embeddable":true,"href":"https:\/\/www.salon-marrakech.fr\/SM\/wp-json\/wp\/v2\/media\/20976"}],"wp:attachment":[{"href":"https:\/\/www.salon-marrakech.fr\/SM\/wp-json\/wp\/v2\/media?parent=20975"}],"wp:term":[{"taxonomy":"product_brand","embeddable":true,"href":"https:\/\/www.salon-marrakech.fr\/SM\/wp-json\/wp\/v2\/product_brand?post=20975"},{"taxonomy":"product_cat","embeddable":true,"href":"https:\/\/www.salon-marrakech.fr\/SM\/wp-json\/wp\/v2\/product_cat?post=20975"},{"taxonomy":"product_tag","embeddable":true,"href":"https:\/\/www.salon-marrakech.fr\/SM\/wp-json\/wp\/v2\/product_tag?post=20975"}],"curies":[{"name":"wp","href":"https:\/\/api.w.org\/{rel}","templated":true}]}}